{"id":997,"date":"2026-03-30T14:00:42","date_gmt":"2026-03-30T12:00:42","guid":{"rendered":"https:\/\/brollopsguiden.se\/no\/?page_id=997"},"modified":"2026-03-30T14:01:19","modified_gmt":"2026-03-30T12:01:19","slug":"kontakt-oss","status":"publish","type":"page","link":"https:\/\/brollopsguiden.se\/no\/kontakt-oss\/","title":{"rendered":"Kontakt oss"},"content":{"rendered":"<section style=\"padding-top:0;padding-bottom:0;padding-left:0;padding-right:0;\" class=\"is-style-section-subpage-hero wp-block-qte-theme-section\">\n\t\n\n<div class=\"wp-block-columns alignfull are-vertically-aligned-center is-layout-flex wp-container-core-columns-is-layout-20bb992b wp-block-columns-is-layout-flex\" style=\"margin-top:0;margin-bottom:0;padding-top:0;padding-right:0;padding-bottom:0;padding-left:0\">\n<div class=\"wp-block-column is-vertically-aligned-center col-auto col-base-0 is-layout-flow wp-container-core-column-is-layout-6220b9e6 wp-block-column-is-layout-flow\"><div class=\"is-style-container-wrapper is-style-container-mobile-text-center is-style-default wp-block-qte-theme-container\">\n\t\n<div style=\"margin-bottom:var(--wp--preset--spacing--24);\" class=\"is-style-default wp-block-qte-theme-container\">\n\t\n\n<h2 class=\"wp-block-heading has-text-align-center is-style-details\" style=\"margin-bottom:var(--wp--preset--spacing--8)\">Kontakt<\/h2>\n\n\n\n<h1 class=\"wp-block-heading has-text-align-center is-style-h1\">Kontakt Oss<\/h1>\n\n<\/div>\n\n\n<p class=\"has-text-align-center is-style-lead\">Br\u00f6llopsguiden er Skandinavias st\u00f8rste bryllupsmedia og en av Nordens mest etablerte plattformer for bryllupsplanlegging. Siden 1997 har vi v\u00e6rt en del av bransjen, og i dag driver vi et moderne mediehus som samler <em>brudepar<\/em> og <em>leverand\u00f8rer<\/em> og st\u00f8tter gjennom hele planleggingsreisen.<\/p>\n\n<\/div><\/div>\n\n\n\n<div class=\"wp-block-column is-vertically-aligned-center col-auto col-base-0 is-layout-flow wp-block-column-is-layout-flow\">\n<figure class=\"wp-block-image size-full\"><img loading=\"lazy\" decoding=\"async\" width=\"1610\" height=\"2386\" src=\"https:\/\/brollopsguiden.se\/wp-content\/uploads\/sites\/3\/2026\/03\/Skarmavbild-2026-02-19-kl.-17.21.22.png\" alt=\"\" class=\"wp-image-996\" style=\"aspect-ratio:1;object-fit:cover\" srcset=\"https:\/\/brollopsguiden.se\/no\/wp-content\/uploads\/sites\/3\/2026\/03\/Skarmavbild-2026-02-19-kl.-17.21.22.png 1610w, https:\/\/brollopsguiden.se\/no\/wp-content\/uploads\/sites\/3\/2026\/03\/Skarmavbild-2026-02-19-kl.-17.21.22-202x300.png 202w, https:\/\/brollopsguiden.se\/no\/wp-content\/uploads\/sites\/3\/2026\/03\/Skarmavbild-2026-02-19-kl.-17.21.22-691x1024.png 691w, https:\/\/brollopsguiden.se\/no\/wp-content\/uploads\/sites\/3\/2026\/03\/Skarmavbild-2026-02-19-kl.-17.21.22-768x1138.png 768w, https:\/\/brollopsguiden.se\/no\/wp-content\/uploads\/sites\/3\/2026\/03\/Skarmavbild-2026-02-19-kl.-17.21.22-1036x1536.png 1036w, https:\/\/brollopsguiden.se\/no\/wp-content\/uploads\/sites\/3\/2026\/03\/Skarmavbild-2026-02-19-kl.-17.21.22-1382x2048.png 1382w\" sizes=\"auto, (max-width: 1610px) 100vw, 1610px\" \/><\/figure>\n<\/div>\n<\/div>\n\n<\/section>\n\n<section class=\"wp-block-qte-theme-section\">\n\t\n\n<div class=\"wp-block-columns is-layout-flex wp-container-core-columns-is-layout-28f84493 wp-block-columns-is-layout-flex\">\n<div class=\"wp-block-column col-auto offset-l-6 col-base-0 is-layout-flow wp-block-column-is-layout-flow\">\n<h2 class=\"wp-block-heading is-style-h2-lg\">Generelle sp\u00f8rsm\u00e5l<\/h2>\n\n\n\n<p>Send oss en e-post med din henvendelse, s\u00e5 svarer vi s\u00e5 snart vi kan.<\/p>\n\n\n\n<p class=\"is-style-details-sm has-text-muted-color has-text-color has-link-color wp-elements-91de5598e96cd5ca292c2f92fddff6a0\" style=\"margin-bottom:var(--wp--preset--spacing--32)\"><a href=\"mailto:info@brollopsguiden.se\">info@brollopsguiden.se<\/a><\/p>\n\n\n\n<h2 class=\"wp-block-heading is-style-h2-lg\">For annons\u00f8rer<\/h2>\n\n\n\n<p>Er du kunde og har sp\u00f8rsm\u00e5l om din eksponering eller kampanje?<\/p>\n\n\n\n<p class=\"is-style-details-sm has-text-muted-color has-text-color has-link-color wp-elements-d2b3c0e08cc01f5e473f4620ab3f39bc\"><a href=\"mailto:info@brollopsguiden.se\">info@brollopsguiden.se<\/a><\/p>\n<\/div>\n<\/div>\n\n<\/section>\n\n","protected":false},"excerpt":{"rendered":"","protected":false},"author":1,"featured_media":0,"parent":0,"menu_order":20,"comment_status":"closed","ping_status":"closed","template":"","meta":{"_acf_changed":false,"ep_exclude_from_search":false,"editor_notices":[],"qte_featured_video":0,"footnotes":""},"class_list":["post-997","page","type-page","status-publish","hentry"],"acf":[],"_links":{"self":[{"href":"https:\/\/brollopsguiden.se\/no\/wp-json\/wp\/v2\/pages\/997","targetHints":{"allow":["GET"]}}],"collection":[{"href":"https:\/\/brollopsguiden.se\/no\/wp-json\/wp\/v2\/pages"}],"about":[{"href":"https:\/\/brollopsguiden.se\/no\/wp-json\/wp\/v2\/types\/page"}],"author":[{"embeddable":true,"href":"https:\/\/brollopsguiden.se\/no\/wp-json\/wp\/v2\/users\/1"}],"replies":[{"embeddable":true,"href":"https:\/\/brollopsguiden.se\/no\/wp-json\/wp\/v2\/comments?post=997"}],"version-history":[{"count":1,"href":"https:\/\/brollopsguiden.se\/no\/wp-json\/wp\/v2\/pages\/997\/revisions"}],"predecessor-version":[{"id":999,"href":"https:\/\/brollopsguiden.se\/no\/wp-json\/wp\/v2\/pages\/997\/revisions\/999"}],"wp:attachment":[{"href":"https:\/\/brollopsguiden.se\/no\/wp-json\/wp\/v2\/media?parent=997"}],"curies":[{"name":"wp","href":"https:\/\/api.w.org\/{rel}","templated":true}]}}