{"id":994,"date":"2026-03-30T13:56:20","date_gmt":"2026-03-30T11:56:20","guid":{"rendered":"https:\/\/brollopsguiden.se\/no\/?page_id=994"},"modified":"2026-03-30T17:39:29","modified_gmt":"2026-03-30T15:39:29","slug":"om-oss","status":"publish","type":"page","link":"https:\/\/brollopsguiden.se\/no\/om-oss\/","title":{"rendered":"Om oss"},"content":{"rendered":"<section style=\"padding-top:0;padding-bottom:0;padding-left:0;padding-right:0;\" class=\"is-style-section-subpage-hero wp-block-qte-theme-section\">\n\t\n\n<div class=\"wp-block-columns alignfull are-vertically-aligned-center is-layout-flex wp-container-core-columns-is-layout-20bb992b wp-block-columns-is-layout-flex\" style=\"margin-top:0;margin-bottom:0;padding-top:0;padding-right:0;padding-bottom:0;padding-left:0\">\n<div class=\"wp-block-column is-vertically-aligned-center col-auto col-base-0 is-layout-flow wp-container-core-column-is-layout-6220b9e6 wp-block-column-is-layout-flow\"><div class=\"is-style-container-wrapper is-style-container-mobile-text-center is-style-default wp-block-qte-theme-container\">\n\t\n<div style=\"margin-bottom:var(--wp--preset--spacing--24);\" class=\"is-style-default wp-block-qte-theme-container\">\n\t\n\n<h2 class=\"wp-block-heading has-text-align-center is-style-details\" style=\"margin-bottom:var(--wp--preset--spacing--8)\">Om oss<\/h2>\n\n\n\n<h1 class=\"wp-block-heading has-text-align-center is-style-h1\">Destinasjonen for <em>Moderne<\/em> bryllupsplanlegging<\/h1>\n\n<\/div>\n\n\n<p class=\"has-text-align-center is-style-lead\">Fra f\u00f8rste id\u00e9 til \u201cI do\u201d samler vi det beste innen bryllup. Gjennom magasin, digitale kanaler og podkast l\u00f8fter vi frem trender, guider og n\u00f8ye utvalgte akt\u00f8rer. Alt for brudepar som vil ha mer enn bare inspirasjon.<\/p>\n\n<\/div><\/div>\n\n\n\n<div class=\"wp-block-column is-vertically-aligned-center col-auto col-base-0 is-layout-flow wp-block-column-is-layout-flow\">\n<figure class=\"wp-block-image size-full is-style-default\"><img loading=\"lazy\" decoding=\"async\" width=\"1500\" height=\"2252\" src=\"https:\/\/brollopsguiden.se\/wp-content\/uploads\/sites\/3\/2026\/03\/Skarmavbild-2026-02-19-kl.-17.23.02.png\" alt=\"\" class=\"wp-image-991\" style=\"aspect-ratio:1;object-fit:cover\" srcset=\"https:\/\/brollopsguiden.se\/no\/wp-content\/uploads\/sites\/3\/2026\/03\/Skarmavbild-2026-02-19-kl.-17.23.02.png 1500w, https:\/\/brollopsguiden.se\/no\/wp-content\/uploads\/sites\/3\/2026\/03\/Skarmavbild-2026-02-19-kl.-17.23.02-200x300.png 200w, https:\/\/brollopsguiden.se\/no\/wp-content\/uploads\/sites\/3\/2026\/03\/Skarmavbild-2026-02-19-kl.-17.23.02-682x1024.png 682w, https:\/\/brollopsguiden.se\/no\/wp-content\/uploads\/sites\/3\/2026\/03\/Skarmavbild-2026-02-19-kl.-17.23.02-768x1153.png 768w, https:\/\/brollopsguiden.se\/no\/wp-content\/uploads\/sites\/3\/2026\/03\/Skarmavbild-2026-02-19-kl.-17.23.02-1023x1536.png 1023w, https:\/\/brollopsguiden.se\/no\/wp-content\/uploads\/sites\/3\/2026\/03\/Skarmavbild-2026-02-19-kl.-17.23.02-1364x2048.png 1364w\" sizes=\"auto, (max-width: 1500px) 100vw, 1500px\" \/><\/figure>\n<\/div>\n<\/div>\n\n<\/section>\n\n<section class=\"wp-block-qte-theme-section\">\n\t\n\n<div class=\"wp-block-columns is-layout-flex wp-container-core-columns-is-layout-28f84493 wp-block-columns-is-layout-flex\">\n<div class=\"wp-block-column col-auto offset-l-6 col-base-0 is-layout-flow wp-block-column-is-layout-flow\">\n<h2 class=\"wp-block-heading is-style-h2-lg\">BRYLLUPSGUIDEN Scandinavia<\/h2>\n\n\n\n<p>Bryllupsguiden er et uavhengig bryllupsmedium som n\u00e5r titusenvis av kommende brudepar i Sverige og Skandinavia hver m\u00e5ned. Vi f\u00f8lger m\u00e5lgruppen gjennom hele planleggingsreisen \u2013 fra f\u00f8rste inspirasjon til faktiske beslutninger.<\/p>\n\n\n\n<p>Siden 1997 har Brollopsguiden.se v\u00e6rt en digital destinasjon for bryllupsplanlegging. I dag omfatter plattformen v\u00e5r ogs\u00e5 Sveriges st\u00f8rste <em><a href=\"https:\/\/open.spotify.com\/show\/4PdtS2XfppXOSeWdY1S41a\" target=\"_blank\" rel=\"noopener\">bryllupspodcast<\/a><\/em>, en av Nordens mest engasjerte <em><a href=\"https:\/\/www.instagram.com\/brollops.guiden\/\" target=\"_blank\" rel=\"noopener\">Instagram-kontoer<\/a><\/em> innen bryllup, samt v\u00e5rt lukkede community <em>Inside Guide<\/em> | <em>Your Wed Journey<\/em>, hvor vi m\u00f8ter engasjerte brudepar direkte via deres DM.<\/p>\n\n\n\n<p>P\u00e5 v\u00e5r plattform finnes ogs\u00e5 et av Nordens st\u00f8rste og mest omfattende utvalg av <em>bryllupsleverand\u00f8rer<\/em>, samlet i et strukturert bedriftsregister hvor brudepar kan s\u00f8ke, sammenligne og ta kontakt \u2013 alt p\u00e5 ett sted.<\/p>\n\n\n\n<p>Vi publiserer ogs\u00e5 et omfattende <em>nyhetsbrev<\/em> rettet mot brudepar i aktiv planleggingsfase og gir ut magasinet <em>Bryllupsguiden Scandinavia<\/em> to ganger i \u00e5ret \u2013 i <em>mars<\/em> og <em>september<\/em> \u2013 med distribusjon i butikk i b\u00e5de Sverige og Norge, samt digital tilstedev\u00e6relse via <a href=\"https:\/\/se.readly.com\/\" target=\"_blank\" rel=\"noopener\">Readly.<\/a><\/p>\n\n\n\n<p>I tillegg arrangerer vi Sveriges st\u00f8rste tilbakevendende bryllupskonkurranse, <em>Vinn Ditt Bryllup<\/em>, to ganger i \u00e5ret.<\/p>\n\n\n\n<p>Bryllupsguiden er en samlet plattform for en m\u00e5lgruppe i bevegelse \u2013 der inspirasjon, planlegging og investering m\u00f8tes.<\/p>\n\n\n\n<div class=\"wp-block-buttons is-style-buttons-separator is-layout-flex wp-block-buttons-is-layout-flex\">\n<div class=\"wp-block-button is-style-transparent\"><a class=\"wp-block-button__link wp-element-button\" href=\"https:\/\/brollopsguiden.se\/no\/kontakt-oss\/\">Kontakt oss<\/a><\/div>\n\n\n\n<div class=\"wp-block-button is-style-transparent\"><a class=\"wp-block-button__link wp-element-button\" href=\"https:\/\/brollopsguiden.se\/no\/annonsera\/\">Annonser<\/a><\/div>\n\n\n\n<div class=\"wp-block-button is-style-transparent\"><a class=\"wp-block-button__link wp-element-button\" href=\"https:\/\/brollopsguiden.se\/no\/artiklar\/\">Artikler<\/a><\/div>\n\n\n\n<div class=\"wp-block-button is-style-transparent\"><a class=\"wp-block-button__link wp-element-button\" href=\"https:\/\/brollopsguiden.se\/no\/leverantorsregister\/\">Leverand\u00f8rer<\/a><\/div>\n<\/div>\n<\/div>\n<\/div>\n\n<\/section>\n\n\n<div class=\"swiper hide-navigation-desktop wp-block-qte-theme-slider\" data-only-mobile=\"0\" data-swiper-pagination-type=\"bullets\" data-swiper-config=\"{&quot;loop&quot;:false,&quot;autoplay&quot;:false,&quot;pagination&quot;:false,&quot;navigation&quot;:true,&quot;slidesPerView&quot;:2.8,&quot;slidesPerViewTablet&quot;:3,&quot;slidesPerViewMobile&quot;:1.7}\" style=\"--slides-to-show: 2.8; --slides-to-show-tablet: 3.0; --slides-to-show-mobile: 1.7;\">\n\t<div class=\"swiper-wrapper\">\n\t\t\n\n<div class=\"swiper-slide wp-block-qte-theme-slider-item\">\n\t\n\n<figure class=\"wp-block-image size-full\"><img loading=\"lazy\" decoding=\"async\" width=\"1300\" height=\"1944\" src=\"https:\/\/brollopsguiden.se\/wp-content\/uploads\/sites\/3\/2026\/03\/Blommor-Dekorationer.png\" alt=\"\" class=\"wp-image-992\" style=\"aspect-ratio:3\/4;object-fit:cover\" srcset=\"https:\/\/brollopsguiden.se\/no\/wp-content\/uploads\/sites\/3\/2026\/03\/Blommor-Dekorationer.png 1300w, https:\/\/brollopsguiden.se\/no\/wp-content\/uploads\/sites\/3\/2026\/03\/Blommor-Dekorationer-201x300.png 201w, https:\/\/brollopsguiden.se\/no\/wp-content\/uploads\/sites\/3\/2026\/03\/Blommor-Dekorationer-685x1024.png 685w, https:\/\/brollopsguiden.se\/no\/wp-content\/uploads\/sites\/3\/2026\/03\/Blommor-Dekorationer-768x1148.png 768w, https:\/\/brollopsguiden.se\/no\/wp-content\/uploads\/sites\/3\/2026\/03\/Blommor-Dekorationer-1027x1536.png 1027w\" sizes=\"auto, (max-width: 1300px) 100vw, 1300px\" \/><\/figure>\n\n<\/div>\n\n\n<div class=\"swiper-slide wp-block-qte-theme-slider-item\">\n\t\n\n<figure class=\"wp-block-image size-full\"><img loading=\"lazy\" decoding=\"async\" width=\"448\" height=\"560\" src=\"https:\/\/brollopsguiden.se\/wp-content\/uploads\/sites\/3\/2026\/03\/example-pic.png\" alt=\"\" class=\"wp-image-993\" style=\"aspect-ratio:3\/4;object-fit:cover\" srcset=\"https:\/\/brollopsguiden.se\/no\/wp-content\/uploads\/sites\/3\/2026\/03\/example-pic.png 448w, https:\/\/brollopsguiden.se\/no\/wp-content\/uploads\/sites\/3\/2026\/03\/example-pic-240x300.png 240w\" sizes=\"auto, (max-width: 448px) 100vw, 448px\" \/><\/figure>\n\n<\/div>\n\n\n<div class=\"swiper-slide wp-block-qte-theme-slider-item\">\n\t\n\n<\/div>\n\t<\/div>\n\n\t\n\t\t\t<nav class=\"slider-arrows-wrapper\">\n\t\t\t<div class=\"swiper-button-prev slider-arrow\"><\/div>\n\t\t\t<div class=\"swiper-button-next slider-arrow\"><\/div>\n\t\t<\/nav>\n\t<\/div>\n\n<section class=\"wp-block-qte-theme-section\">\n\t\n\n<div class=\"wp-block-columns is-layout-flex wp-container-core-columns-is-layout-28f84493 wp-block-columns-is-layout-flex\">\n<div class=\"wp-block-column col-auto offset-l-6 col-base-0 is-layout-flow wp-block-column-is-layout-flow\">\n<h2 class=\"wp-block-heading is-style-h2-lg\">Over to ti\u00e5r med bryllupsmedia<\/h2>\n\n\n\n<p>Bryllupsguiden ble grunnlagt i 1997 som Europas f\u00f8rste bryllupsportal p\u00e5 nett. Siden den gang har vi v\u00e6rt en stabil og langsiktig del av bryllupsbransjen og utviklet oss til en av Nordens mest etablerte plattformer for bryllupsplanlegging.<\/p>\n\n\n\n<p>I mer enn <em>to ti\u00e5r<\/em> har vi fulgt og formet bransjens utvikling \u2013 fra trykt inspirasjon til digitale \u00f8kosystemer. I dag er Bryllupsguiden et <em>moderne mediehus<\/em> som m\u00f8ter brudepar gjennom hele planleggingsreisen.<\/p>\n\n\n\n<p>Hver m\u00e5ned har Brollopsguiden.se mellom 50 000 og 80 000 bes\u00f8kende, med ytterligere rekkevidde gjennom v\u00e5re <em>sosiale medier<\/em>, <em>podkast<\/em>, <em>videopodkast, nyhetsbrev, magasin<\/em> samt st\u00f8rre <em>kampanjer<\/em> og <em>konkurranser<\/em>. Samlet skaper dette en av bransjens mest relevante tilstedev\u00e6relser i Sverige og Skandinavia.<\/p>\n\n\n\n<p>For bedrifter tilbyr vi tilgang til en aktiv og kj\u00f8pesterk m\u00e5lgruppe med tydelig tidsramme og definert budsjett. Gjennom samvirkende kanaler skaper vi relevant synlighet i de fasene hvor brudepar s\u00f8ker, sammenligner og booker.<\/p>\n\n\n\n<p>Bryllup er en av livets tydeligste kj\u00f8psfaser. V\u00e5r rolle er \u00e5 skape struktur i denne prosessen og samle markedet i en sammenheng der ettersp\u00f8rsel og tilbud m\u00f8tes.<\/p>\n\n\n\n<p>Bryllupsguiden fortsetter \u00e5 utvikle seg med fokus p\u00e5 kvalitet, tydelighet og langsiktig tilstedev\u00e6relse i Norden.<\/p>\n<\/div>\n<\/div>\n\n<\/section>\n\n<section style=\"padding-top:var(--wp--preset--spacing--40);padding-bottom:var(--wp--preset--spacing--40);padding-left:var(--wp--preset--spacing--16);padding-right:var(--wp--preset--spacing--16);\" class=\"wp-block-qte-theme-section has-background has-surface-background-cards-background-color\">\n\t\n\n<div class=\"wp-block-columns alignfull are-vertically-aligned-center is-layout-flex wp-container-core-columns-is-layout-28f84493 wp-block-columns-is-layout-flex\">\n<div class=\"wp-block-column col-auto col-base-0 is-layout-flow wp-block-column-is-layout-flow\"><\/div>\n\n\n\n<div class=\"wp-block-column is-vertically-aligned-center col-auto col-base-0 is-layout-flow wp-block-column-is-layout-flow\"><div class=\"is-style-container-mobile-text-left wp-block-qte-theme-container\">\n\t\n\n<h2 class=\"wp-block-heading has-text-align-center is-style-h2-xl\" style=\"margin-bottom:var(--wp--preset--spacing--24)\">Vil dere <em>synes<\/em> p\u00e5 Bryllupsguiden?<\/h2>\n\n\n\n<p class=\"has-text-align-center\" style=\"margin-bottom:var(--wp--preset--spacing--24)\">Vil dere n\u00e5 titusenvis av aktive brudepar hver m\u00e5ned? Gjennom v\u00e5r kombinasjon av <em>hjemmeside, podkast, sosiale medier, nyhetsbrev, magasin<\/em> og <em>konkurranser<\/em> skaper vi tilstedev\u00e6relse i flere relevante sammenhenger og m\u00f8ter m\u00e5lgruppen gjennom hele planleggingsreisen. Kontakt oss s\u00e5 forteller vi hvordan dere kan posisjonere dere i riktig fase av beslutningsprosessen.<\/p>\n\n\n\n<div class=\"wp-block-buttons is-content-justification-center is-layout-flex wp-container-core-buttons-is-layout-a89b3969 wp-block-buttons-is-layout-flex\">\n<div class=\"wp-block-button is-style-primary\"><a class=\"wp-block-button__link wp-element-button\" href=\"https:\/\/brollopsguiden.se\/no\/annonsera\/\">Annonser<\/a><\/div>\n<\/div>\n\n<\/div><\/div>\n\n\n\n<div class=\"wp-block-column col-auto col-base-0 is-layout-flow wp-block-column-is-layout-flow\"><\/div>\n<\/div>\n\n<\/section>\n\n\n<p><\/p>\n","protected":false},"excerpt":{"rendered":"","protected":false},"author":1,"featured_media":0,"parent":0,"menu_order":10,"comment_status":"closed","ping_status":"closed","template":"","meta":{"_acf_changed":false,"ep_exclude_from_search":false,"editor_notices":[],"qte_featured_video":0,"footnotes":""},"class_list":["post-994","page","type-page","status-publish","hentry"],"acf":[],"_links":{"self":[{"href":"https:\/\/brollopsguiden.se\/no\/wp-json\/wp\/v2\/pages\/994","targetHints":{"allow":["GET"]}}],"collection":[{"href":"https:\/\/brollopsguiden.se\/no\/wp-json\/wp\/v2\/pages"}],"about":[{"href":"https:\/\/brollopsguiden.se\/no\/wp-json\/wp\/v2\/types\/page"}],"author":[{"embeddable":true,"href":"https:\/\/brollopsguiden.se\/no\/wp-json\/wp\/v2\/users\/1"}],"replies":[{"embeddable":true,"href":"https:\/\/brollopsguiden.se\/no\/wp-json\/wp\/v2\/comments?post=994"}],"version-history":[{"count":3,"href":"https:\/\/brollopsguiden.se\/no\/wp-json\/wp\/v2\/pages\/994\/revisions"}],"predecessor-version":[{"id":1072,"href":"https:\/\/brollopsguiden.se\/no\/wp-json\/wp\/v2\/pages\/994\/revisions\/1072"}],"wp:attachment":[{"href":"https:\/\/brollopsguiden.se\/no\/wp-json\/wp\/v2\/media?parent=994"}],"curies":[{"name":"wp","href":"https:\/\/api.w.org\/{rel}","templated":true}]}}