{"id":1017,"date":"2026-03-30T14:20:53","date_gmt":"2026-03-30T12:20:53","guid":{"rendered":"https:\/\/brollopsguiden.se\/no\/?page_id=1017"},"modified":"2026-04-15T17:49:20","modified_gmt":"2026-04-15T15:49:20","slug":"personvernerklaering","status":"publish","type":"page","link":"https:\/\/brollopsguiden.se\/no\/personvernerklaering\/","title":{"rendered":"Personvernerkl\u00e6ring"},"content":{"rendered":"<section class=\"wp-block-qte-theme-section\">\n\t\n\n<div class=\"wp-block-columns is-layout-flex wp-container-core-columns-is-layout-28f84493 wp-block-columns-is-layout-flex\">\n<div class=\"wp-block-column col-auto offset-r-6 col-base-0 is-layout-flow wp-block-column-is-layout-flow\"><div class=\"wp-block-qte-theme-container\">\n\t\n\n<h1 class=\"wp-block-heading is-style-h1\">Personvernerkl\u00e6ring<\/h1>\n\n\n\n<h2 class=\"wp-block-heading is-style-h2-lg\">Hvorfor og for hvem?<\/h2>\n\n\n\n<p>Hos Br\u00f6llopsguiden Norden AB bryr vi oss om personlig personvern. Det betyr at vi respekterer og ivaretar ditt personvern og din rett til kontroll og \u00e5penhet ved behandling av dine personopplysninger.&nbsp;&nbsp;<\/p>\n\n\n\n<p>Denne personvernerkl\u00e6ringen gjelder for behandlinger hvor BG er behandlingsansvarlig. Erkl\u00e6ringen beskriver overordnet hvilke form\u00e5l vi trenger dine personopplysninger til, hvilket rettslig grunnlag vi st\u00f8tter oss p\u00e5, samt hvilke tiltak vi iverksetter for \u00e5 beskytte personopplysninger. Vi informerer ogs\u00e5 om hvordan du kan ut\u00f8ve dine rettigheter knyttet til v\u00e5r behandling av dine personopplysninger.&nbsp;&nbsp;<\/p>\n\n\n\n<p>Erkl\u00e6ringen informerer om v\u00e5r h\u00e5ndtering av personopplysninger n\u00e5r du kommuniserer med oss, kj\u00f8per v\u00e5re produkter eller bes\u00f8ker v\u00e5r nettside <a href=\"https:\/\/www.brollopsguiden.se\">www.brollopsguiden.se<\/a>\/<br><\/p>\n\n<\/div><\/div>\n<\/div>\n\n<\/section>\n\n<section class=\"wp-block-qte-theme-section\">\n\t\n\n<div class=\"wp-block-columns is-layout-flex wp-container-core-columns-is-layout-28f84493 wp-block-columns-is-layout-flex\">\n<div class=\"wp-block-column col-auto offset-r-6 col-base-0 is-layout-flow wp-block-column-is-layout-flow\"><div class=\"wp-block-qte-theme-container\">\n\t\n\n<h2 class=\"wp-block-heading is-style-h2-lg\">Endringer i denne erkl\u00e6ringen<\/h2>\n\n\n\n<p>Vi forbeholder oss retten til \u00e5 gj\u00f8re endringer i denne erkl\u00e6ringen. Dersom endringen p\u00e5virker v\u00e5re forpliktelser eller dine rettigheter, vil vi informere om endringene p\u00e5 forh\u00e5nd slik at du f\u00e5r mulighet til \u00e5 ta stilling til den oppdaterte erkl\u00e6ringen.<\/p>\n\n<\/div><\/div>\n<\/div>\n\n<\/section>\n\n<section class=\"wp-block-qte-theme-section\">\n\t\n\n<div class=\"wp-block-columns is-layout-flex wp-container-core-columns-is-layout-28f84493 wp-block-columns-is-layout-flex\">\n<div class=\"wp-block-column col-auto offset-r-6 col-base-0 is-layout-flow wp-block-column-is-layout-flow\"><div class=\"wp-block-qte-theme-container\">\n\t\n\n<h2 class=\"wp-block-heading is-style-h2-lg\">Kontakt<\/h2>\n\n\n\n<p>Ta kontakt med oss dersom du har sp\u00f8rsm\u00e5l om dine rettigheter eller andre sp\u00f8rsm\u00e5l om hvordan vi behandler dine personopplysninger.<\/p>\n\n<\/div><\/div>\n<\/div>\n\n<\/section>","protected":false},"excerpt":{"rendered":"","protected":false},"author":1,"featured_media":0,"parent":0,"menu_order":500,"comment_status":"closed","ping_status":"closed","template":"","meta":{"_acf_changed":false,"ep_exclude_from_search":false,"editor_notices":[],"qte_featured_video":0,"footnotes":""},"class_list":["post-1017","page","type-page","status-publish","hentry"],"acf":[],"_links":{"self":[{"href":"https:\/\/brollopsguiden.se\/no\/wp-json\/wp\/v2\/pages\/1017","targetHints":{"allow":["GET"]}}],"collection":[{"href":"https:\/\/brollopsguiden.se\/no\/wp-json\/wp\/v2\/pages"}],"about":[{"href":"https:\/\/brollopsguiden.se\/no\/wp-json\/wp\/v2\/types\/page"}],"author":[{"embeddable":true,"href":"https:\/\/brollopsguiden.se\/no\/wp-json\/wp\/v2\/users\/1"}],"replies":[{"embeddable":true,"href":"https:\/\/brollopsguiden.se\/no\/wp-json\/wp\/v2\/comments?post=1017"}],"version-history":[{"count":2,"href":"https:\/\/brollopsguiden.se\/no\/wp-json\/wp\/v2\/pages\/1017\/revisions"}],"predecessor-version":[{"id":1616,"href":"https:\/\/brollopsguiden.se\/no\/wp-json\/wp\/v2\/pages\/1017\/revisions\/1616"}],"wp:attachment":[{"href":"https:\/\/brollopsguiden.se\/no\/wp-json\/wp\/v2\/media?parent=1017"}],"curies":[{"name":"wp","href":"https:\/\/api.w.org\/{rel}","templated":true}]}}