{"id":1011,"date":"2026-03-30T14:13:51","date_gmt":"2026-03-30T12:13:51","guid":{"rendered":"https:\/\/brollopsguiden.se\/no\/?page_id=1011"},"modified":"2026-03-30T14:13:52","modified_gmt":"2026-03-30T12:13:52","slug":"nyhetsbrev","status":"publish","type":"page","link":"https:\/\/brollopsguiden.se\/no\/nyhetsbrev\/","title":{"rendered":"Nyhetsbrev"},"content":{"rendered":"<section style=\"padding-top:0;padding-bottom:0;padding-left:0;padding-right:0;margin-bottom:var(--wp--preset--spacing--section);\" class=\"is-style-section-subpage-hero wp-block-qte-theme-section\">\n\t\n\n<div class=\"wp-block-columns alignfull are-vertically-aligned-center is-layout-flex wp-container-core-columns-is-layout-20bb992b wp-block-columns-is-layout-flex\" style=\"margin-top:0;margin-bottom:0;padding-top:0;padding-right:0;padding-bottom:0;padding-left:0\">\n<div class=\"wp-block-column is-vertically-aligned-center col-auto col-base-0 is-layout-flow wp-container-core-column-is-layout-6220b9e6 wp-block-column-is-layout-flow\"><div style=\"margin-bottom:var(--wp--preset--spacing--24);\" class=\"is-style-container-wrapper is-style-container-mobile-text-center is-style-default wp-block-qte-theme-container\">\n\t\n<div class=\"is-style-container-mobile-text-left wp-block-qte-theme-container\">\n\t\n\n<h2 class=\"wp-block-heading has-text-align-center is-style-h2-xl\" style=\"margin-bottom:var(--wp--preset--spacing--24)\">Hold deg <em>oppdatert<\/em> med Br\u00f6llopsguidens nyhetsbrev<\/h2>\n\n\n<div\n\tclass=\"center wp-block-qte-rule-newsletter-signup\" data-block-settings=\"{&quot;useGlobalSettings&quot;:true,&quot;successText&quot;:&quot;Takk for at du abonnerer p\\u00e5 nyhetsbrevet v\\u00e5rt! God lesing!&quot;}\"\t>\n\t<form data-success-text=\"Takk for at du abonnerer p\u00e5 nyhetsbrevet v\u00e5rt! God lesing!\">\n\t\t\t\t<input autocomplete=\"email\" type=\"email\" id=\"qte-rule-email-field-69e22cf65a637\" placeholder=\"Oppgi e-postadresse\" name=\"email\" required>\n\n\t\t<div>\n\t\t\t<label for=\"qte-rule-consent-box-69e22cf65a637\">\n\t\t\t\tSamtykke\t\t\t<\/label>\n\t\t\t<input type=\"checkbox\" id=\"qte-rule-consent-box-69e22cf65a637\" name=\"confirmation\" required>\n\t\t\t<p class=\"privacy-notice\">Jeg bekrefter at jeg \u00f8nsker \u00e5 abonnere p\u00e5 Br\u00f6llopsguiden sitt nyhetsbrev og at Br\u00f6llopsguiden har rett til \u00e5 lagre e-postadressen min. <a href=\"http:\/\/3\" target=\"_blank\">Les Br\u00f6llopsguiden sin personvernpolicy her.<\/a><\/p>\n\t\t<\/div>\n\n\t\t<p class=\"newsletter-form-message\"><span class=\"icon\"><\/span><span class=\"message\"><\/span><\/p>\n\t\t<button type=\"submit\">Abonner<\/button>\n\t<\/form>\n<\/div>\n<\/div>\n<\/div><\/div>\n\n\n\n<div class=\"wp-block-column is-vertically-aligned-center col-auto col-base-0 is-layout-flow wp-block-column-is-layout-flow\">\n<figure class=\"wp-block-image size-full\"><img loading=\"lazy\" decoding=\"async\" width=\"744\" height=\"930\" src=\"https:\/\/brollopsguiden.se\/wp-content\/uploads\/sites\/3\/2026\/03\/shoes.png\" alt=\"\" class=\"wp-image-48\" style=\"aspect-ratio:3\/4;object-fit:cover\" srcset=\"https:\/\/brollopsguiden.se\/no\/wp-content\/uploads\/sites\/3\/2026\/03\/shoes.png 744w, https:\/\/brollopsguiden.se\/no\/wp-content\/uploads\/sites\/3\/2026\/03\/shoes-240x300.png 240w\" sizes=\"auto, (max-width: 744px) 100vw, 744px\" \/><\/figure>\n<\/div>\n<\/div>\n\n<\/section>\n\n<section class=\"wp-block-qte-theme-section\">\n\t\n\n<div class=\"wp-block-columns is-layout-flex wp-container-core-columns-is-layout-28f84493 wp-block-columns-is-layout-flex\">\n<div class=\"wp-block-column col-auto col-base-0 is-layout-flow wp-block-column-is-layout-flow\"><div style=\"padding-top:0;padding-bottom:0;padding-left:0;padding-right:0;margin-top:0;margin-bottom:0;margin-left:0;margin-right:0;\" class=\"wp-block-qte-theme-container\">\n\t\n<div style=\"padding-top:0;padding-bottom:0;padding-left:0;padding-right:0;margin-top:0;margin-bottom:0;margin-left:0;margin-right:0;\" class=\"is-style-default wp-block-qte-theme-container\">\n\t\n\n<div class=\"wp-block-columns are-vertically-aligned-center is-not-stacked-on-mobile is-style-default is-layout-flex wp-container-core-columns-is-layout-1e964356 wp-block-columns-is-layout-flex\" style=\"margin-top:0;margin-bottom:0;padding-top:0;padding-right:0;padding-bottom:0;padding-left:0\">\n<div class=\"wp-block-column is-vertically-aligned-center col-auto col-base-0 is-layout-flow wp-container-core-column-is-layout-b2a27621 wp-block-column-is-layout-flow\" style=\"padding-top:0;padding-right:0;padding-bottom:0;padding-left:0\">\n<h2 class=\"wp-block-heading is-style-details\">Siste artikler<\/h2>\n<\/div>\n\n\n\n<div class=\"wp-block-column is-vertically-aligned-center col-auto col-base-0 is-layout-flow wp-block-column-is-layout-flow\">\n<div class=\"wp-block-buttons is-content-justification-right is-layout-flex wp-container-core-buttons-is-layout-d445cf74 wp-block-buttons-is-layout-flex\">\n<div class=\"wp-block-button is-style-link\"><a class=\"wp-block-button__link wp-element-button\" href=\"https:\/\/brollopsguiden.se\/artiklar\/\">Se alle<\/a><\/div>\n<\/div>\n<\/div>\n<\/div>\n\n<\/div>\n\n<div\n\tclass=\"is-style-listing-post-grid-sm wp-block-qte-theme-listing\"\tdata-id=\"listing\"\n\tdata-unique-posts=\"\"\n\tdata-swiper=\"\"\n\tdata-only-mobile=\"\"\n\tdata-swiper-config=\"{&quot;loop&quot;:false,&quot;autoplay&quot;:{&quot;enabled&quot;:false,&quot;delay&quot;:1000},&quot;navigation&quot;:false,&quot;pagination&quot;:false,&quot;progress&quot;:false}\"\n\tdata-swiper-progress=\"\"\n\tstyle=\"--slides-to-show: 3;\">\n\t\t\t\t\t<ul class=\"wp-block-qte-theme-listing-inner swiper-wrapper\">\n\t\t\t\t\t<li\n\tclass=\"post-182 post type-post status-publish format-standard has-post-thumbnail hentry category-brollopsguiden-podcast category-bryllupsreisen vendor_category-bryllupsreise-og-reiser wp-block-qte-theme-listing-post\"\t>\n\t\t\t<a\n\t\t\tclass=\"wp-block-overlay-link\"\n\t\t\thref=\"https:\/\/brollopsguiden.se\/no\/brollopsguiden-podcast\/20-looks-couture-og-mallorca-ida-lanto-niklas-fra-innsiden-av-bryllupet\/\"\n\t\t\taria-label=\"20 looks, couture og Mallorca \u2014 Ida Lanto &amp; Niklas fra innsiden av bryllupet\"><\/a>\n\t\t<figure style=\"margin-bottom:var(--wp--preset--spacing--16);\" class=\"wp-block-post-featured-image\"><img loading=\"lazy\" decoding=\"async\" width=\"2500\" height=\"1402\" src=\"https:\/\/brollopsguiden.se\/no\/wp-content\/uploads\/sites\/3\/2026\/03\/Skarmavbild-2026-03-19-kl.-16.04.59-1.png\" class=\"attachment-post-thumbnail size-post-thumbnail wp-post-image\" alt=\"\" style=\"object-fit:cover;\" srcset=\"https:\/\/brollopsguiden.se\/no\/wp-content\/uploads\/sites\/3\/2026\/03\/Skarmavbild-2026-03-19-kl.-16.04.59-1.png 2500w, https:\/\/brollopsguiden.se\/no\/wp-content\/uploads\/sites\/3\/2026\/03\/Skarmavbild-2026-03-19-kl.-16.04.59-1-300x168.png 300w, https:\/\/brollopsguiden.se\/no\/wp-content\/uploads\/sites\/3\/2026\/03\/Skarmavbild-2026-03-19-kl.-16.04.59-1-1024x574.png 1024w, https:\/\/brollopsguiden.se\/no\/wp-content\/uploads\/sites\/3\/2026\/03\/Skarmavbild-2026-03-19-kl.-16.04.59-1-768x431.png 768w, https:\/\/brollopsguiden.se\/no\/wp-content\/uploads\/sites\/3\/2026\/03\/Skarmavbild-2026-03-19-kl.-16.04.59-1-1536x861.png 1536w, https:\/\/brollopsguiden.se\/no\/wp-content\/uploads\/sites\/3\/2026\/03\/Skarmavbild-2026-03-19-kl.-16.04.59-1-2048x1149.png 2048w\" sizes=\"auto, (max-width: 2500px) 100vw, 2500px\" \/><\/figure><div class=\"wp-block-qte-theme-container\">\n\t\n<div class=\"wp-block-qte-theme-container\">\n\t\n<div class=\"wp-block-qte-theme-post-terms\">\n\t<span class=\"category term-brollopsguiden-podcast\">Podcast<\/span><\/div>\n\n\n<div class=\"wp-block-post-date has-details-sm-font-size\"><time data-date-format=\"Y m d\" data-date-format=\"Y m d\" datetime=\"2026-01-12T13:57:12.403Z\">2026 01 12<\/time><\/div>\n<\/div>\n\n<h2 class=\"is-style-h2-sm wp-block-post-title\">20 looks, couture og Mallorca \u2014 Ida Lanto &amp; Niklas fra innsiden av bryllupet<\/h2>\n<\/div><\/li><li\n\tclass=\"post-1674 post type-post status-publish format-standard has-post-thumbnail hentry category-mote vendor_category-klaer-og-skjonnhet wp-block-qte-theme-listing-post\"\t>\n\t\t\t<a\n\t\t\tclass=\"wp-block-overlay-link\"\n\t\t\thref=\"https:\/\/brollopsguiden.se\/no\/mote\/nybfw-ss26-trenderna-som-satter-tonen-for-nasta-sasong\/\"\n\t\t\taria-label=\"NYBFW SS26 \u2013 Trendene som setter tonen for neste sesong\"><\/a>\n\t\t<figure style=\"margin-bottom:var(--wp--preset--spacing--16);\" class=\"wp-block-post-featured-image\"><img loading=\"lazy\" decoding=\"async\" width=\"980\" height=\"1473\" src=\"https:\/\/brollopsguiden.se\/no\/wp-content\/uploads\/sites\/3\/2026\/04\/17612272182100.png\" class=\"attachment-post-thumbnail size-post-thumbnail wp-post-image\" alt=\"\" style=\"object-fit:cover;\" srcset=\"https:\/\/brollopsguiden.se\/no\/wp-content\/uploads\/sites\/3\/2026\/04\/17612272182100.png 980w, https:\/\/brollopsguiden.se\/no\/wp-content\/uploads\/sites\/3\/2026\/04\/17612272182100-200x300.png 200w, https:\/\/brollopsguiden.se\/no\/wp-content\/uploads\/sites\/3\/2026\/04\/17612272182100-681x1024.png 681w, https:\/\/brollopsguiden.se\/no\/wp-content\/uploads\/sites\/3\/2026\/04\/17612272182100-768x1154.png 768w\" sizes=\"auto, (max-width: 980px) 100vw, 980px\" \/><\/figure><div class=\"wp-block-qte-theme-container\">\n\t\n<div class=\"wp-block-qte-theme-container\">\n\t\n<div class=\"wp-block-qte-theme-post-terms\">\n\t<span class=\"category term-mote\">Mote<\/span><\/div>\n\n\n<div class=\"wp-block-post-date has-details-sm-font-size\"><time data-date-format=\"Y m d\" data-date-format=\"Y m d\" datetime=\"2026-01-12T13:57:12.403Z\">2026 01 12<\/time><\/div>\n<\/div>\n\n<h2 class=\"is-style-h2-sm wp-block-post-title\">NYBFW SS26 \u2013 Trendene som setter tonen for neste sesong<\/h2>\n<\/div><\/li><li\n\tclass=\"post-1669 post type-post status-publish format-standard has-post-thumbnail hentry category-planlegging vendor_category-bryllupsplanlegging wp-block-qte-theme-listing-post\"\t>\n\t\t\t<a\n\t\t\tclass=\"wp-block-overlay-link\"\n\t\t\thref=\"https:\/\/brollopsguiden.se\/no\/planlegging\/modern-wedding-rules-traditionerna-vi-behaller-bryter-och-bygger-om\/\"\n\t\t\taria-label=\"Modern Wedding Rules: Tradisjonene vi beholder, bryter og bygger om\"><\/a>\n\t\t<figure style=\"margin-bottom:var(--wp--preset--spacing--16);\" class=\"wp-block-post-featured-image\"><img loading=\"lazy\" decoding=\"async\" width=\"1400\" height=\"2227\" src=\"https:\/\/brollopsguiden.se\/no\/wp-content\/uploads\/sites\/3\/2026\/04\/Skarmavbild-2026-03-27-kl.-09.43.28.png\" class=\"attachment-post-thumbnail size-post-thumbnail wp-post-image\" alt=\"Modern Wedding Rules \u2013 Inspiration f\u00f6r nya br\u00f6llopstraditioner.\" style=\"object-fit:cover;\" srcset=\"https:\/\/brollopsguiden.se\/no\/wp-content\/uploads\/sites\/3\/2026\/04\/Skarmavbild-2026-03-27-kl.-09.43.28.png 1400w, https:\/\/brollopsguiden.se\/no\/wp-content\/uploads\/sites\/3\/2026\/04\/Skarmavbild-2026-03-27-kl.-09.43.28-189x300.png 189w, https:\/\/brollopsguiden.se\/no\/wp-content\/uploads\/sites\/3\/2026\/04\/Skarmavbild-2026-03-27-kl.-09.43.28-644x1024.png 644w, https:\/\/brollopsguiden.se\/no\/wp-content\/uploads\/sites\/3\/2026\/04\/Skarmavbild-2026-03-27-kl.-09.43.28-768x1222.png 768w, https:\/\/brollopsguiden.se\/no\/wp-content\/uploads\/sites\/3\/2026\/04\/Skarmavbild-2026-03-27-kl.-09.43.28-966x1536.png 966w, https:\/\/brollopsguiden.se\/no\/wp-content\/uploads\/sites\/3\/2026\/04\/Skarmavbild-2026-03-27-kl.-09.43.28-1287x2048.png 1287w\" sizes=\"auto, (max-width: 1400px) 100vw, 1400px\" \/><\/figure><div class=\"wp-block-qte-theme-container\">\n\t\n<div class=\"wp-block-qte-theme-container\">\n\t\n<div class=\"wp-block-qte-theme-post-terms\">\n\t<span class=\"category term-okategoriserade\">Okategoriserade<\/span><\/div>\n\n\n<div class=\"wp-block-post-date has-details-sm-font-size\"><time data-date-format=\"Y m d\" data-date-format=\"Y m d\" datetime=\"2026-01-12T13:57:12.403Z\">2026 01 12<\/time><\/div>\n<\/div>\n\n<h2 class=\"is-style-h2-sm wp-block-post-title\">Modern Wedding Rules: Tradisjonene vi beholder, bryter og bygger om<\/h2>\n<\/div><\/li><li\n\tclass=\"post-1657 post type-post status-publish format-standard has-post-thumbnail hentry category-planlegging vendor_category-bryllupsplanlegging wp-block-qte-theme-listing-post\"\t>\n\t\t\t<a\n\t\t\tclass=\"wp-block-overlay-link\"\n\t\t\thref=\"https:\/\/brollopsguiden.se\/no\/planlegging\/brollopsplanerings-tips-10-detaljer-du-inte-far-missa\/\"\n\t\t\taria-label=\"Bryllupsplanleggingstips: 10 detaljer du ikke m\u00e5 g\u00e5 glipp av\"><\/a>\n\t\t<figure style=\"margin-bottom:var(--wp--preset--spacing--16);\" class=\"wp-block-post-featured-image\"><img loading=\"lazy\" decoding=\"async\" width=\"1300\" height=\"1417\" src=\"https:\/\/brollopsguiden.se\/no\/wp-content\/uploads\/sites\/3\/2026\/04\/Skarmavbild-2026-02-17-kl.-15.35.15.png\" class=\"attachment-post-thumbnail size-post-thumbnail wp-post-image\" alt=\"Tips f\u00f6r br\u00f6llopsplanering: Viktiga detaljer och \u00e4ktenskapshandlingar inf\u00f6r br\u00f6llopet.\" style=\"object-fit:cover;\" srcset=\"https:\/\/brollopsguiden.se\/no\/wp-content\/uploads\/sites\/3\/2026\/04\/Skarmavbild-2026-02-17-kl.-15.35.15.png 1300w, https:\/\/brollopsguiden.se\/no\/wp-content\/uploads\/sites\/3\/2026\/04\/Skarmavbild-2026-02-17-kl.-15.35.15-275x300.png 275w, https:\/\/brollopsguiden.se\/no\/wp-content\/uploads\/sites\/3\/2026\/04\/Skarmavbild-2026-02-17-kl.-15.35.15-939x1024.png 939w, https:\/\/brollopsguiden.se\/no\/wp-content\/uploads\/sites\/3\/2026\/04\/Skarmavbild-2026-02-17-kl.-15.35.15-768x837.png 768w\" sizes=\"auto, (max-width: 1300px) 100vw, 1300px\" \/><\/figure><div class=\"wp-block-qte-theme-container\">\n\t\n<div class=\"wp-block-qte-theme-container\">\n\t\n<div class=\"wp-block-qte-theme-post-terms\">\n\t<span class=\"category term-planlegging\">Planlegging<\/span><\/div>\n\n\n<div class=\"wp-block-post-date has-details-sm-font-size\"><time data-date-format=\"Y m d\" data-date-format=\"Y m d\" datetime=\"2026-01-12T13:57:12.403Z\">2026 01 12<\/time><\/div>\n<\/div>\n\n<h2 class=\"is-style-h2-sm wp-block-post-title\">Bryllupsplanleggingstips: 10 detaljer du ikke m\u00e5 g\u00e5 glipp av<\/h2>\n<\/div><\/li>\t\t\t\t<\/ul>\n\t\t\t\t<\/div>\n<\/div><\/div>\n<\/div>\n\n<\/section>","protected":false},"excerpt":{"rendered":"","protected":false},"author":1,"featured_media":0,"parent":0,"menu_order":95,"comment_status":"closed","ping_status":"closed","template":"","meta":{"_acf_changed":false,"ep_exclude_from_search":false,"editor_notices":[],"qte_featured_video":0,"footnotes":""},"class_list":["post-1011","page","type-page","status-publish","hentry"],"acf":[],"_links":{"self":[{"href":"https:\/\/brollopsguiden.se\/no\/wp-json\/wp\/v2\/pages\/1011","targetHints":{"allow":["GET"]}}],"collection":[{"href":"https:\/\/brollopsguiden.se\/no\/wp-json\/wp\/v2\/pages"}],"about":[{"href":"https:\/\/brollopsguiden.se\/no\/wp-json\/wp\/v2\/types\/page"}],"author":[{"embeddable":true,"href":"https:\/\/brollopsguiden.se\/no\/wp-json\/wp\/v2\/users\/1"}],"replies":[{"embeddable":true,"href":"https:\/\/brollopsguiden.se\/no\/wp-json\/wp\/v2\/comments?post=1011"}],"version-history":[{"count":1,"href":"https:\/\/brollopsguiden.se\/no\/wp-json\/wp\/v2\/pages\/1011\/revisions"}],"predecessor-version":[{"id":1013,"href":"https:\/\/brollopsguiden.se\/no\/wp-json\/wp\/v2\/pages\/1011\/revisions\/1013"}],"wp:attachment":[{"href":"https:\/\/brollopsguiden.se\/no\/wp-json\/wp\/v2\/media?parent=1011"}],"curies":[{"name":"wp","href":"https:\/\/api.w.org\/{rel}","templated":true}]}}