{"id":1008,"date":"2026-03-30T14:10:28","date_gmt":"2026-03-30T12:10:28","guid":{"rendered":"https:\/\/brollopsguiden.se\/no\/?page_id=1008"},"modified":"2026-04-10T13:31:55","modified_gmt":"2026-04-10T11:31:55","slug":"las-magasinet-digitalt","status":"publish","type":"page","link":"https:\/\/brollopsguiden.se\/no\/las-magasinet-digitalt\/","title":{"rendered":"Les magasinet digitalt"},"content":{"rendered":"<section style=\"padding-top:0;padding-bottom:0;padding-left:0;padding-right:0;margin-bottom:var(--wp--preset--spacing--section);\" class=\"is-style-section-subpage-hero wp-block-qte-theme-section\">\n\t\n\n<div class=\"wp-block-columns alignfull are-vertically-aligned-center is-layout-flex wp-container-core-columns-is-layout-20bb992b wp-block-columns-is-layout-flex\" style=\"margin-top:0;margin-bottom:0;padding-top:0;padding-right:0;padding-bottom:0;padding-left:0\">\n<div class=\"wp-block-column is-vertically-aligned-center col-auto col-base-0 is-layout-flow wp-container-core-column-is-layout-6220b9e6 wp-block-column-is-layout-flow\"><div style=\"margin-bottom:var(--wp--preset--spacing--24);\" class=\"is-style-container-wrapper is-style-container-mobile-text-center is-style-default wp-block-qte-theme-container\">\n\t\n<div class=\"is-style-container-mobile-text-left wp-block-qte-theme-container\">\n\t\n\n<h2 class=\"wp-block-heading has-text-align-center is-style-h2-xl\" style=\"margin-bottom:var(--wp--preset--spacing--24)\">Les Br\u00f6llopsguidens <em>magasin<\/em> gratis i to m\u00e5neder<\/h2>\n\n\n\n<p class=\"has-text-align-center\">Som abonnent p\u00e5 v\u00e5rt nyhetsbrev f\u00e5r du eksklusiv tilgang til <em>to m\u00e5neder gratis<\/em> lesing via <em><strong>Readly<\/strong><\/em>. Oppdag over 220 sider med inspirasjon, leverand\u00f8rer, guider og ekte bryllup direkte p\u00e5 mobilen eller nettbrettet. Meld deg p\u00e5 nedenfor, s\u00e5 sender vi deg lenken til tilbudet.<\/p>\n\n\n\n<div class=\"wp-block-columns is-layout-flex wp-container-core-columns-is-layout-28f84493 wp-block-columns-is-layout-flex\">\n<div class=\"wp-block-column col-auto col-base-0 is-layout-flow wp-block-column-is-layout-flow\" style=\"flex-basis:100%\"><div\n\tclass=\"center wp-block-qte-rule-newsletter-signup\" data-block-settings=\"{&quot;newsletterTags&quot;:&quot;220745&quot;,&quot;successText&quot;:&quot;Takk for at du abonnerer p\\u00e5 nyhetsbrevet v\\u00e5rt! God lesing!&quot;,&quot;useGlobalSettings&quot;:false}\"\t>\n\t<form data-success-text=\"Takk for at du abonnerer p\u00e5 nyhetsbrevet v\u00e5rt! God lesing!\">\n\t\t\t\t<input autocomplete=\"email\" type=\"email\" id=\"qte-rule-email-field-69de54031eaa5\" placeholder=\"Oppgi e-postadresse\" name=\"email\" required>\n\n\t\t<div>\n\t\t\t<label for=\"qte-rule-consent-box-69de54031eaa5\">\n\t\t\t\tSamtykke\t\t\t<\/label>\n\t\t\t<input type=\"checkbox\" id=\"qte-rule-consent-box-69de54031eaa5\" name=\"confirmation\" required>\n\t\t\t<p class=\"privacy-notice\">Jeg bekrefter at jeg \u00f8nsker \u00e5 abonnere p\u00e5 Br\u00f6llopsguiden sitt nyhetsbrev og at Br\u00f6llopsguiden har rett til \u00e5 lagre e-postadressen min. <a href=\"http:\/\/3\" target=\"_blank\">Les Br\u00f6llopsguiden sin personvernpolicy her.<\/a><\/p>\n\t\t<\/div>\n\n\t\t<p class=\"newsletter-form-message\"><span class=\"icon\"><\/span><span class=\"message\"><\/span><\/p>\n\t\t<button type=\"submit\">Abonner<\/button>\n\t<\/form>\n<\/div><\/div>\n<\/div>\n\n\n\n<p class=\"has-text-align-center is-style-body-sm has-text-muted-color has-text-color has-link-color wp-elements-7145afad0977bba2c3da9b7444d506c2\" style=\"margin-top:var(--wp--preset--spacing--24);margin-bottom:var(--wp--preset--spacing--24)\">Br\u00f6llopsguiden samarbeider med Readly, noe som gir deg en eksklusiv mulighet til \u00e5 lese magasinet v\u00e5rt digitalt \u2013 helt gratis i to m\u00e5neder. Meld deg p\u00e5 nyhetsbrevet v\u00e5rt, s\u00e5 sender vi registreringslenken direkte til deg.<\/p>\n\n<\/div>\n<\/div><\/div>\n\n\n\n<div class=\"wp-block-column is-vertically-aligned-center col-auto col-base-0 is-layout-flow wp-block-column-is-layout-flow\">\n<figure class=\"wp-block-image size-full\"><img loading=\"lazy\" decoding=\"async\" width=\"1472\" height=\"1944\" src=\"https:\/\/brollopsguiden.se\/wp-content\/uploads\/sites\/3\/2026\/03\/NUMMER-SS26.png\" alt=\"\" class=\"wp-image-670\" style=\"aspect-ratio:3\/4;object-fit:cover\" srcset=\"https:\/\/brollopsguiden.se\/no\/wp-content\/uploads\/sites\/3\/2026\/03\/NUMMER-SS26.png 1472w, https:\/\/brollopsguiden.se\/no\/wp-content\/uploads\/sites\/3\/2026\/03\/NUMMER-SS26-227x300.png 227w, https:\/\/brollopsguiden.se\/no\/wp-content\/uploads\/sites\/3\/2026\/03\/NUMMER-SS26-775x1024.png 775w, https:\/\/brollopsguiden.se\/no\/wp-content\/uploads\/sites\/3\/2026\/03\/NUMMER-SS26-768x1014.png 768w, https:\/\/brollopsguiden.se\/no\/wp-content\/uploads\/sites\/3\/2026\/03\/NUMMER-SS26-1163x1536.png 1163w\" sizes=\"auto, (max-width: 1472px) 100vw, 1472px\" \/><\/figure>\n<\/div>\n<\/div>\n\n<\/section>\n\n<section class=\"wp-block-qte-theme-section\">\n\t\n\n<div class=\"wp-block-columns is-layout-flex wp-container-core-columns-is-layout-28f84493 wp-block-columns-is-layout-flex\">\n<div class=\"wp-block-column col-auto col-base-0 is-layout-flow wp-block-column-is-layout-flow\"><div style=\"padding-top:0;padding-bottom:0;padding-left:0;padding-right:0;margin-top:0;margin-bottom:0;margin-left:0;margin-right:0;\" class=\"wp-block-qte-theme-container\">\n\t\n<div style=\"padding-top:0;padding-bottom:0;padding-left:0;padding-right:0;margin-top:0;margin-bottom:0;margin-left:0;margin-right:0;\" class=\"is-style-default wp-block-qte-theme-container\">\n\t\n\n<div class=\"wp-block-columns are-vertically-aligned-center is-not-stacked-on-mobile is-style-default is-layout-flex wp-container-core-columns-is-layout-1e964356 wp-block-columns-is-layout-flex\" style=\"margin-top:0;margin-bottom:0;padding-top:0;padding-right:0;padding-bottom:0;padding-left:0\">\n<div class=\"wp-block-column is-vertically-aligned-center col-auto col-base-0 is-layout-flow wp-container-core-column-is-layout-b2a27621 wp-block-column-is-layout-flow\" style=\"padding-top:0;padding-right:0;padding-bottom:0;padding-left:0\">\n<h2 class=\"wp-block-heading is-style-details\">Magasin<\/h2>\n<\/div>\n\n\n\n<div class=\"wp-block-column is-vertically-aligned-center col-auto col-base-0 is-layout-flow wp-block-column-is-layout-flow\">\n<div class=\"wp-block-buttons is-content-justification-right is-layout-flex wp-container-core-buttons-is-layout-d445cf74 wp-block-buttons-is-layout-flex\">\n<div class=\"wp-block-button is-style-link\"><a class=\"wp-block-button__link wp-element-button\" href=\"https:\/\/brollopsguiden.se\/alla-magasin\/\">Se alle<\/a><\/div>\n<\/div>\n<\/div>\n<\/div>\n\n<\/div>\n\n<div\n\tstyle=\"padding-top:0;padding-bottom:0;padding-left:0;padding-right:0;margin-top:var(--wp--preset--spacing--16);margin-bottom:0;margin-left:0;margin-right:0;\" class=\"swiper wp-block-qte-theme-listing\"\tdata-id=\"listing\"\n\tdata-unique-posts=\"\"\n\tdata-swiper=\"1\"\n\tdata-only-mobile=\"\"\n\tdata-swiper-config=\"{&quot;loop&quot;:false,&quot;autoplay&quot;:{&quot;enabled&quot;:false},&quot;navigation&quot;:true,&quot;pagination&quot;:false,&quot;progress&quot;:false}\"\n\tdata-swiper-progress=\"\"\n\tstyle=\"--slides-to-show: 4;\">\n\t\t\t\t\t<ul class=\"wp-block-qte-theme-listing-inner swiper-wrapper\">\n\t\t\t\t\t<li\n\tstyle=\"padding-top:0;padding-bottom:0;\" class=\"post-669 magazine type-magazine status-publish has-post-thumbnail hentry is-style-listing-post-portrait wp-block-qte-theme-listing-post\"\t>\n\t\t\t<a\n\t\t\tclass=\"wp-block-overlay-link\"\n\t\t\thref=\"https:\/\/brollopsguiden.se\/no\/magazine\/nummer-ss26\/\"\n\t\t\taria-label=\"NUMMER SS&#8217;26\"><\/a>\n\t\t<figure style=\"margin-bottom:var(--wp--preset--spacing--16);\" class=\"wp-block-post-featured-image\"><img loading=\"lazy\" decoding=\"async\" width=\"1472\" height=\"1944\" src=\"https:\/\/brollopsguiden.se\/no\/wp-content\/uploads\/sites\/3\/2026\/03\/NUMMER-SS26.png\" class=\"attachment-post-thumbnail size-post-thumbnail wp-post-image\" alt=\"\" style=\"object-fit:cover;\" srcset=\"https:\/\/brollopsguiden.se\/no\/wp-content\/uploads\/sites\/3\/2026\/03\/NUMMER-SS26.png 1472w, https:\/\/brollopsguiden.se\/no\/wp-content\/uploads\/sites\/3\/2026\/03\/NUMMER-SS26-227x300.png 227w, https:\/\/brollopsguiden.se\/no\/wp-content\/uploads\/sites\/3\/2026\/03\/NUMMER-SS26-775x1024.png 775w, https:\/\/brollopsguiden.se\/no\/wp-content\/uploads\/sites\/3\/2026\/03\/NUMMER-SS26-768x1014.png 768w, https:\/\/brollopsguiden.se\/no\/wp-content\/uploads\/sites\/3\/2026\/03\/NUMMER-SS26-1163x1536.png 1163w\" sizes=\"auto, (max-width: 1472px) 100vw, 1472px\" \/><\/figure><div class=\"wp-block-qte-theme-container\">\n\t\n<div class=\"wp-block-qte-theme-container\">\n\t\n\n\n<div class=\"wp-block-post-date has-details-sm-font-size\"><time data-date-format=\"Y m d\" data-date-format=\"Y m d\" datetime=\"2026-03-25T12:24:48+01:00\">2026 03 25<\/time><\/div>\n<\/div>\n\n<h2 class=\"is-style-h2-sm wp-block-post-title\">NUMMER SS&#8217;26<\/h2>\n<\/div><\/li>\t\t\t\t<\/ul>\n\t\t\t\t\t\t\t<nav class=\"slider-arrows-wrapper\">\n\t\t\t\t<div class=\"swiper-button-prev slider-arrow\"><\/div>\n\t\t\t\t<div class=\"swiper-button-next slider-arrow\"><\/div>\n\t\t\t<\/nav>\n\t\t\t<\/div>\n<\/div><\/div>\n<\/div>\n\n<\/section>","protected":false},"excerpt":{"rendered":"","protected":false},"author":1,"featured_media":0,"parent":0,"menu_order":90,"comment_status":"closed","ping_status":"closed","template":"","meta":{"_acf_changed":false,"ep_exclude_from_search":false,"editor_notices":[],"qte_featured_video":0,"footnotes":""},"class_list":["post-1008","page","type-page","status-publish","hentry"],"acf":[],"_links":{"self":[{"href":"https:\/\/brollopsguiden.se\/no\/wp-json\/wp\/v2\/pages\/1008","targetHints":{"allow":["GET"]}}],"collection":[{"href":"https:\/\/brollopsguiden.se\/no\/wp-json\/wp\/v2\/pages"}],"about":[{"href":"https:\/\/brollopsguiden.se\/no\/wp-json\/wp\/v2\/types\/page"}],"author":[{"embeddable":true,"href":"https:\/\/brollopsguiden.se\/no\/wp-json\/wp\/v2\/users\/1"}],"replies":[{"embeddable":true,"href":"https:\/\/brollopsguiden.se\/no\/wp-json\/wp\/v2\/comments?post=1008"}],"version-history":[{"count":2,"href":"https:\/\/brollopsguiden.se\/no\/wp-json\/wp\/v2\/pages\/1008\/revisions"}],"predecessor-version":[{"id":1330,"href":"https:\/\/brollopsguiden.se\/no\/wp-json\/wp\/v2\/pages\/1008\/revisions\/1330"}],"wp:attachment":[{"href":"https:\/\/brollopsguiden.se\/no\/wp-json\/wp\/v2\/media?parent=1008"}],"curies":[{"name":"wp","href":"https:\/\/api.w.org\/{rel}","templated":true}]}}