{"id":1004,"date":"2026-03-30T14:06:22","date_gmt":"2026-03-30T12:06:22","guid":{"rendered":"https:\/\/brollopsguiden.se\/no\/?page_id=1004"},"modified":"2026-03-30T14:07:52","modified_gmt":"2026-03-30T12:07:52","slug":"magasin","status":"publish","type":"page","link":"https:\/\/brollopsguiden.se\/no\/magasin\/","title":{"rendered":"Magasin"},"content":{"rendered":"<section class=\"is-style-pb-0 wp-block-qte-theme-section\">\n\t\n\n<div class=\"wp-block-columns is-style-pb-0 is-layout-flex wp-container-core-columns-is-layout-28f84493 wp-block-columns-is-layout-flex\">\n<div class=\"wp-block-column col-auto col-base-0 is-layout-flow wp-block-column-is-layout-flow\"><div class=\"wp-block-qte-theme-container\">\n\t\n\n<h2 class=\"wp-block-heading is-style-h1\">Br\u00f6llopsguiden Scandinavia<\/h2>\n\n\n\n<p class=\"is-style-maxwidth-md\">Br\u00f6llopsguiden utgis to ganger i \u00e5ret \u2013 i <em>mars<\/em> og <em>september<\/em> \u2013 og samler det beste innen moderne bryllup. Hvert nummer byr p\u00e5 eksklusive intervjuer, trendrapporter, inspirerende reportasjer og n\u00f8ye utvalgte akt\u00f8rer som setter tonen for sesongen. Vi l\u00f8fter frem b\u00e5de etablerte navn og nye stemmer som former fremtidens bryllup. Et magasin for brudepar som s\u00f8ker mer enn inspirasjon!<\/p>\n\n<\/div><\/div>\n<\/div>\n\n<\/section>\n\n<section style=\"padding-top:var(--wp--preset--spacing--24);\" class=\"wp-block-qte-theme-section\">\n\t\n\n<div class=\"wp-block-columns is-style-pt-0 is-layout-flex wp-container-core-columns-is-layout-28f84493 wp-block-columns-is-layout-flex\">\n<div class=\"wp-block-column col-auto col-base-0 is-layout-flow wp-block-column-is-layout-flow\"><div\n\tclass=\"is-style-listing-post-grid-highlight-magazine wp-block-qte-theme-listing\"\tdata-id=\"listing\"\n\tdata-unique-posts=\"\"\n\tdata-swiper=\"\"\n\tdata-only-mobile=\"\"\n\tdata-swiper-config=\"{&quot;loop&quot;:false,&quot;autoplay&quot;:{&quot;enabled&quot;:false,&quot;delay&quot;:1000},&quot;navigation&quot;:false,&quot;pagination&quot;:false,&quot;progress&quot;:false}\"\n\tdata-swiper-progress=\"\"\n\tstyle=\"--slides-to-show: 3;\">\n\t<div style=\"margin-bottom:var(--wp--preset--spacing--16);\" class=\"wp-block-qte-editorial-magazine-year-filter\">\n\t<div class=\"listing-filter-wrapper\">\n\t\t<div class=\"listing-filter listing-filter-taxonomy terms-chips\"\n\t\t\tdata-filter-settings=\"{&quot;multiSelection&quot;:false,&quot;viewMode&quot;:&quot;chips&quot;,&quot;baseUrl&quot;:&quot;\\\/no\\\/wp-json\\\/wp\\\/v2\\\/pages\\\/1004&quot;,&quot;queryVar&quot;:&quot;listing_filter-year&quot;,&quot;relationParam&quot;:&quot;listing_relation&quot;,&quot;relation&quot;:false}\">\n\t\t\t\t\t\t<div class=\"listing-filter-inner\">\n\t\t\t\t\t\t\t\t<div class=\"listing-filter-items-wrapper\"\n\t\t\t\t\tdata-multiple=\"0\"\n\t\t\t\t\t>\n\t\t\t\t\t\t\t\t\t\t<ul class=\"filter-wrapper\"\n\t\t\t\t\t\trole=\"listbox\"\n\t\t\t\t\t\taria-label=\"Filteralternativer\"\n\t\t\t\t\t\ttabindex=\"-1\"\n\t\t\t\t\t\tid=\"filter-listbox\">\n\t\t\t\t\t\t\t\t\t\t\t\t<li class=\"listing-filter-item listing-filter-all current-listing-filter\"\n\t\t\t\t\t\t\tdata-value=\"\/no\/wp-json\/wp\/v2\/pages\/1004\"\n\t\t\t\t\t\t\trole=\"option\"\n\t\t\t\t\t\t\taria-selected=\"true\"\n\t\t\t\t\t\t\ttabindex=\"0\">\n\t\t\t\t\t\t\tVis alle\t\t\t\t\t\t<\/li>\n\t\t\t\t\t\t\t\t\t\t\t\t\t<li class=\"listing-filter-item \"\n\t\t\t\t\t\t\t\tdata-term=\"2026\"\n\t\t\t\t\t\t\t\tdata-value=\"\/no\/wp-json\/wp\/v2\/pages\/1004?listing_filter-year=2026\"\n\t\t\t\t\t\t\t\trole=\"option\"\n\t\t\t\t\t\t\t\taria-selected=\"false\"\n\t\t\t\t\t\t\t\ttabindex=\"-1\">\n\t\t\t\t\t\t\t\t2026\t\t\t\t\t\t\t<\/li>\n\t\t\t\t\t\t\t\t\t\t\t<\/ul>\n\t\t\t\t<\/div>\n\t\t\t<\/div>\n\t\t<\/div>\n\t<\/div>\n<\/div>\n\t\t\t\t<ul class=\"wp-block-qte-theme-listing-inner swiper-wrapper\">\n\t\t\t\t\t<li\n\tclass=\"post-669 magazine type-magazine status-publish has-post-thumbnail hentry is-style-default wp-block-qte-theme-listing-post\"\t>\n\t\t\t<a\n\t\t\tclass=\"wp-block-overlay-link\"\n\t\t\thref=\"https:\/\/brollopsguiden.se\/no\/magazine\/nummer-ss26\/\"\n\t\t\taria-label=\"NUMMER SS&#8217;26\"><\/a>\n\t\t<figure style=\"margin-bottom:var(--wp--preset--spacing--16);\" class=\"wp-block-post-featured-image\"><img loading=\"lazy\" decoding=\"async\" width=\"1472\" height=\"1944\" src=\"https:\/\/brollopsguiden.se\/no\/wp-content\/uploads\/sites\/3\/2026\/03\/NUMMER-SS26.png\" class=\"attachment-post-thumbnail size-post-thumbnail wp-post-image\" alt=\"\" style=\"object-fit:cover;\" srcset=\"https:\/\/brollopsguiden.se\/no\/wp-content\/uploads\/sites\/3\/2026\/03\/NUMMER-SS26.png 1472w, https:\/\/brollopsguiden.se\/no\/wp-content\/uploads\/sites\/3\/2026\/03\/NUMMER-SS26-227x300.png 227w, https:\/\/brollopsguiden.se\/no\/wp-content\/uploads\/sites\/3\/2026\/03\/NUMMER-SS26-775x1024.png 775w, https:\/\/brollopsguiden.se\/no\/wp-content\/uploads\/sites\/3\/2026\/03\/NUMMER-SS26-768x1014.png 768w, https:\/\/brollopsguiden.se\/no\/wp-content\/uploads\/sites\/3\/2026\/03\/NUMMER-SS26-1163x1536.png 1163w\" sizes=\"auto, (max-width: 1472px) 100vw, 1472px\" \/><\/figure><div class=\"wp-block-qte-theme-container\">\n\t\n<div class=\"wp-block-qte-theme-container\">\n\t\n\n<p class=\"is-style-details-sm\">Magasin<\/p>\n\n\n<div class=\"wp-block-post-date has-details-sm-font-size\"><time data-date-format=\"Y m d\" data-date-format=\"Y m d\" datetime=\"2026-03-25T12:24:48+01:00\">2026 03 25<\/time><\/div>\n<\/div>\n\n<h2 style=\"margin-bottom:var(--wp--preset--spacing--8);\" class=\"is-style-h2-sm wp-block-post-title\">NUMMER SS&#8217;26<\/h2>\n\n<div class=\"wp-block-post-excerpt\"><p class=\"wp-block-post-excerpt__excerpt\">I v\u00e5rt nye SS\u201926-nummer m\u00f8ter vi couturedesigneren Ida Lanto i et n\u00e6rt intervju om visjonen bak hennes bryllup og synet p\u00e5 moderne couture. Vi presenterer ogs\u00e5 v\u00e5rt samarbeid med CAIA Cosmetics og l\u00f8fter frem v\u00e5re utvalgte favoritter fra NYBFW \u2013 silhuetter og trender som&hellip; <\/p><\/div>\n<\/div><\/li>\n<div class=\"is-style-listing-content wp-block-qte-theme-container\">\n\t\n\n<h2 class=\"wp-block-heading has-text-align-left is-style-h2-xl text-right\">Kj\u00f8p v\u00e5re nyeste magasiner<\/h2>\n\n\n<div class=\"is-style-container-mobile-text-left wp-block-qte-theme-container\">\n\t\n\n<p class=\"has-text-align-right\" style=\"margin-bottom:var(--wp--preset--spacing--16)\">Oppdag Br\u00f6llopsguidens magasiner \u2013 fylt med inspirasjon, guider og konkrete tips for deg som planlegger bryllup.<\/p>\n\n\n\n<div class=\"wp-block-buttons is-content-justification-right is-layout-flex wp-container-core-buttons-is-layout-d445cf74 wp-block-buttons-is-layout-flex\">\n<div class=\"wp-block-button is-style-link\"><a class=\"wp-block-button__link wp-element-button\" href=\"https:\/\/brollopsguiden.store\/collections\/tidningar\" target=\"_blank\" rel=\"noreferrer noopener\">KJ\u00d8P HER<\/a><\/div>\n<\/div>\n\n<\/div>\n<\/div>\n\t\t\t\t<\/ul>\n\t\t\t\t<\/div><\/div>\n<\/div>\n\n<\/section>","protected":false},"excerpt":{"rendered":"","protected":false},"author":1,"featured_media":0,"parent":0,"menu_order":50,"comment_status":"closed","ping_status":"closed","template":"","meta":{"_acf_changed":false,"ep_exclude_from_search":false,"editor_notices":[],"qte_featured_video":0,"footnotes":""},"class_list":["post-1004","page","type-page","status-publish","hentry"],"acf":[],"_links":{"self":[{"href":"https:\/\/brollopsguiden.se\/no\/wp-json\/wp\/v2\/pages\/1004","targetHints":{"allow":["GET"]}}],"collection":[{"href":"https:\/\/brollopsguiden.se\/no\/wp-json\/wp\/v2\/pages"}],"about":[{"href":"https:\/\/brollopsguiden.se\/no\/wp-json\/wp\/v2\/types\/page"}],"author":[{"embeddable":true,"href":"https:\/\/brollopsguiden.se\/no\/wp-json\/wp\/v2\/users\/1"}],"replies":[{"embeddable":true,"href":"https:\/\/brollopsguiden.se\/no\/wp-json\/wp\/v2\/comments?post=1004"}],"version-history":[{"count":2,"href":"https:\/\/brollopsguiden.se\/no\/wp-json\/wp\/v2\/pages\/1004\/revisions"}],"predecessor-version":[{"id":1007,"href":"https:\/\/brollopsguiden.se\/no\/wp-json\/wp\/v2\/pages\/1004\/revisions\/1007"}],"wp:attachment":[{"href":"https:\/\/brollopsguiden.se\/no\/wp-json\/wp\/v2\/media?parent=1004"}],"curies":[{"name":"wp","href":"https:\/\/api.w.org\/{rel}","templated":true}]}}