{"id":1001,"date":"2026-03-30T14:03:53","date_gmt":"2026-03-30T12:03:53","guid":{"rendered":"https:\/\/brollopsguiden.se\/no\/?page_id=1001"},"modified":"2026-04-15T17:23:36","modified_gmt":"2026-04-15T15:23:36","slug":"annonsera","status":"publish","type":"page","link":"https:\/\/brollopsguiden.se\/no\/annonsera\/","title":{"rendered":"Annonser"},"content":{"rendered":"<section style=\"padding-top:0;padding-bottom:0;padding-left:0;padding-right:0;\" class=\"is-style-section-subpage-hero wp-block-qte-theme-section\">\n\t\n\n<div class=\"wp-block-columns alignfull are-vertically-aligned-center is-layout-flex wp-container-core-columns-is-layout-20bb992b wp-block-columns-is-layout-flex\" style=\"margin-top:0;margin-bottom:0;padding-top:0;padding-right:0;padding-bottom:0;padding-left:0\">\n<div class=\"wp-block-column is-vertically-aligned-center col-auto col-base-0 is-layout-flow wp-container-core-column-is-layout-6220b9e6 wp-block-column-is-layout-flow\"><div class=\"is-style-container-wrapper is-style-container-mobile-text-center is-style-default wp-block-qte-theme-container\">\n\t\n<div style=\"margin-bottom:var(--wp--preset--spacing--24);\" class=\"is-style-default wp-block-qte-theme-container\">\n\t\n\n<h2 class=\"wp-block-heading has-text-align-center is-style-details\" style=\"margin-bottom:var(--wp--preset--spacing--8)\">Annonser<\/h2>\n\n\n\n<h1 class=\"wp-block-heading has-text-align-center is-style-h1\">Annonser Med Oss<\/h1>\n\n<\/div>\n\n\n<p class=\"has-text-align-center is-style-lead\">Siden 1997 har Br\u00f6llopsguiden v\u00e6rt den naturlige plattformen for par som planlegger bryllupet sitt. I dag er vi et komplett mediehus med nettside, magasin, podcast, sosiale medier, nyhetsbrev og en av bransjens mest oppmerksommede konkurranser. Vi samler m\u00e5lgruppen n\u00e5r den er som mest kj\u00f8pesterk.<\/p>\n\n<\/div><\/div>\n\n\n\n<div class=\"wp-block-column is-vertically-aligned-center col-auto col-base-0 is-layout-flow wp-block-column-is-layout-flow\">\n<figure class=\"wp-block-image size-full\"><img loading=\"lazy\" decoding=\"async\" width=\"1554\" height=\"1944\" src=\"https:\/\/brollopsguiden.se\/wp-content\/uploads\/sites\/3\/2026\/03\/Skarmavbild-2026-03-11-kl.-10.22.51.png\" alt=\"\" class=\"wp-image-1000\" style=\"aspect-ratio:1;object-fit:cover\" srcset=\"https:\/\/brollopsguiden.se\/no\/wp-content\/uploads\/sites\/3\/2026\/03\/Skarmavbild-2026-03-11-kl.-10.22.51.png 1554w, https:\/\/brollopsguiden.se\/no\/wp-content\/uploads\/sites\/3\/2026\/03\/Skarmavbild-2026-03-11-kl.-10.22.51-240x300.png 240w, https:\/\/brollopsguiden.se\/no\/wp-content\/uploads\/sites\/3\/2026\/03\/Skarmavbild-2026-03-11-kl.-10.22.51-819x1024.png 819w, https:\/\/brollopsguiden.se\/no\/wp-content\/uploads\/sites\/3\/2026\/03\/Skarmavbild-2026-03-11-kl.-10.22.51-768x961.png 768w, https:\/\/brollopsguiden.se\/no\/wp-content\/uploads\/sites\/3\/2026\/03\/Skarmavbild-2026-03-11-kl.-10.22.51-1228x1536.png 1228w\" sizes=\"auto, (max-width: 1554px) 100vw, 1554px\" \/><\/figure>\n<\/div>\n<\/div>\n\n<\/section>\n\n<section class=\"wp-block-qte-theme-section\">\n\t\n\n<div class=\"wp-block-columns is-layout-flex wp-container-core-columns-is-layout-28f84493 wp-block-columns-is-layout-flex\">\n<div class=\"wp-block-column col-auto offset-l-6 col-base-0 is-layout-flow wp-block-column-is-layout-flow\">\n<h2 class=\"wp-block-heading is-style-h2-lg\">Vi bygger <em>Skandinavias<\/em> ledende bryllupsmedia<\/h2>\n\n\n\n<p>V\u00e5r visjon er \u00e5 forenkle og utvikle bryllupsbransjen i Skandinavia ved \u00e5 samle markedet p\u00e5 \u00e9n felles plattform der brudepar finner alt de trenger p\u00e5 ett sted.<\/p>\n\n\n\n<p>Gjennom v\u00e5r nettside, podcast, sosiale medier, nyhetsbrev, magasin og konkurranser skaper vi tydelige og effektive kontaktpunkter mellom brudepar og leverand\u00f8rer.<\/p>\n\n\n\n<p>Bryllupsplanlegging er en av de st\u00f8rste private investeringene mange gj\u00f8r. Budsjetter p\u00e5 hundretusener av kroner skal fordeles p\u00e5 lokaler, kl\u00e6r, fotograf, mat, drikke, underholdning og detaljer. Beslutningene tas innen en tydelig tidsramme og f\u00f8rer i de fleste tilfeller til faktiske bestillinger.<\/p>\n\n\n\n<p>Det gj\u00f8r brudepar til en uvanlig kj\u00f8pesterk m\u00e5lgruppe. De er i en aktiv kj\u00f8psprosess, har satt av budsjett og m\u00e5 ta beslutninger innen 1\u201318 m\u00e5neder.<\/p>\n\n\n\n<p>Vi skaper en tydelig m\u00f8teplass der brudepar kan s\u00f8ke, sammenligne og velge leverand\u00f8rer \u2013 og der bedrifter eksponeres akkurat n\u00e5r ettersp\u00f8rselen er st\u00f8rst.<\/p>\n\n\n\n<div class=\"wp-block-buttons has-color-brand-beige-medium-background-color has-background is-content-justification-center is-layout-flex wp-container-core-buttons-is-layout-a7271ecd wp-block-buttons-is-layout-flex\" style=\"margin-top:var(--wp--preset--spacing--40);margin-bottom:var(--wp--preset--spacing--40);padding-top:var(--wp--preset--spacing--8);padding-right:var(--wp--preset--spacing--24);padding-bottom:var(--wp--preset--spacing--8);padding-left:var(--wp--preset--spacing--24)\">\n<div class=\"wp-block-button is-style-secondary\"><a class=\"wp-block-button__link has-text-align-center wp-element-button\" href=\"https:\/\/brollopsguiden.se\/wp-content\/uploads\/2026\/03\/SS26-Media-Kit-Brollopsguiden.pdf\">Last ned v\u00e5rT<span style=\"text-decoration: underline\">mediakit<\/span><img decoding=\"async\" class=\"wp-image-47\" style=\"width: 24px\" src=\"https:\/\/brollopsguiden.se\/wp-content\/uploads\/2026\/01\/download.svg\" alt=\"\"><\/a><\/div>\n<\/div>\n\n\n\n<h2 class=\"wp-block-heading is-style-h2-lg\">Hva vi tilbyr<\/h2>\n\n\n\n<p>Vi tilbyr synlighet gjennom en kombinasjon av nettside, podcast, sosiale medier, nyhetsbrev, magasin og konkurranser. Ved \u00e5 jobbe i flere kanaler n\u00e5r dere brudepar gjennom hele planleggingsperioden \u2013 fra f\u00f8rste s\u00f8k til ferdig booking. Det gir en tydelig tilstedev\u00e6relse i en m\u00e5lgruppe som er midt i en aktiv kj\u00f8psprosess.<\/p>\n\n\n\n<p class=\"is-style-details\">V\u00e5r mediAKIT best\u00e5r av<\/p>\n\n\n\n<ol class=\"wp-block-list\">\n<li><strong>Brollopsguiden.se<\/strong> | Synlighet og samarbeid via bannerplasseringer, redaksjonelle artikler, bedriftsregister og skreddersydde kampanjer.<\/li>\n\n\n\n<li><strong>Magasin<\/strong> | Printannonser, sponsede artikler og kreative samarbeid.<\/li>\n\n\n\n<li><strong>Sosiale medier<\/strong> | Instagram Stories, Reels og innlegg.<\/li>\n\n\n\n<li><strong>Podcast<\/strong> | Annonser i Sveriges st\u00f8rste bryllupspodcast.<\/li>\n\n\n\n<li><strong>Vinn ditt bryllup<\/strong> | Partnerskap i v\u00e5r store konkurranse.<\/li>\n\n\n\n<li><strong>Nyhetsbrev<\/strong> | N\u00e5 over 33 000 mottakere direkte i innboksen.<\/li>\n<\/ol>\n\n\n\n<h2 class=\"wp-block-heading\">Kj\u00f8pesterk m\u00e5lgruppe<\/h2>\n\n\n\n<p>Bryllup er ikke et spontankj\u00f8p. Det er en planlagt, budsjettert og prioritert beslutning.<\/p>\n\n\n\n<h2 class=\"wp-block-heading\">Kontakt oss<\/h2>\n\n\n\n<p>Nysgjerrig p\u00e5 hvordan dere kan bli synlige hos oss?<br>Kontakt oss s\u00e5 setter vi sammen et konkret forslag tilpasset deres kategori og budsjett.<\/p>\n\n\n\n<p class=\"is-style-details-sm has-link-color has-text-muted-color has-text-color\"><strong><a href=\"mailto:info@brollopsguiden.se\">info@brollopsguiden.se<\/a><\/strong><\/p>\n\n\n\n<p>08-545 245 55<\/p>\n<\/div>\n<\/div>\n\n<\/section>","protected":false},"excerpt":{"rendered":"","protected":false},"author":1,"featured_media":0,"parent":0,"menu_order":40,"comment_status":"closed","ping_status":"closed","template":"","meta":{"_acf_changed":false,"ep_exclude_from_search":false,"editor_notices":[],"qte_featured_video":0,"footnotes":""},"class_list":["post-1001","page","type-page","status-publish","hentry"],"acf":[],"_links":{"self":[{"href":"https:\/\/brollopsguiden.se\/no\/wp-json\/wp\/v2\/pages\/1001","targetHints":{"allow":["GET"]}}],"collection":[{"href":"https:\/\/brollopsguiden.se\/no\/wp-json\/wp\/v2\/pages"}],"about":[{"href":"https:\/\/brollopsguiden.se\/no\/wp-json\/wp\/v2\/types\/page"}],"author":[{"embeddable":true,"href":"https:\/\/brollopsguiden.se\/no\/wp-json\/wp\/v2\/users\/1"}],"replies":[{"embeddable":true,"href":"https:\/\/brollopsguiden.se\/no\/wp-json\/wp\/v2\/comments?post=1001"}],"version-history":[{"count":4,"href":"https:\/\/brollopsguiden.se\/no\/wp-json\/wp\/v2\/pages\/1001\/revisions"}],"predecessor-version":[{"id":1614,"href":"https:\/\/brollopsguiden.se\/no\/wp-json\/wp\/v2\/pages\/1001\/revisions\/1614"}],"wp:attachment":[{"href":"https:\/\/brollopsguiden.se\/no\/wp-json\/wp\/v2\/media?parent=1001"}],"curies":[{"name":"wp","href":"https:\/\/api.w.org\/{rel}","templated":true}]}}